{"id":1852,"date":"2024-10-29T10:50:10","date_gmt":"2024-10-29T10:50:10","guid":{"rendered":"https:\/\/choco-tec.com\/?page_id=1852"},"modified":"2025-11-19T11:55:44","modified_gmt":"2025-11-19T11:55:44","slug":"registration","status":"publish","type":"page","link":"https:\/\/techniker.zds-solingen.de\/","title":{"rendered":"Registration"},"content":{"rendered":"<p><div class=\"fusion-fullwidth fullwidth-box fusion-builder-row-1 fusion-flex-container has-pattern-background has-mask-background nonhundred-percent-fullwidth non-hundred-percent-height-scrolling\" style=\"--awb-border-radius-top-left:0px;--awb-border-radius-top-right:0px;--awb-border-radius-bottom-right:0px;--awb-border-radius-bottom-left:0px;--awb-padding-top:0px;--awb-margin-top:0px;--awb-background-color:var(--awb-color1);--awb-background-image:linear-gradient(238deg, var(--awb-color7) 11%,var(--awb-color5) 86%);--awb-flex-wrap:wrap;\" ><div class=\"fusion-builder-row fusion-row fusion-flex-align-items-flex-start fusion-flex-content-wrap\" style=\"max-width:1248px;margin-left: calc(-4% \/ 2 );margin-right: calc(-4% \/ 2 );\"><div class=\"fusion-layout-column fusion_builder_column fusion-builder-column-0 fusion_builder_column_1_3 1_3 fusion-flex-column fusion-flex-align-self-center\" style=\"--awb-bg-size:cover;--awb-width-large:33.333333333333%;--awb-margin-top-large:0px;--awb-spacing-right-large:5.76%;--awb-margin-bottom-large:20px;--awb-spacing-left-large:5.76%;--awb-width-medium:33.333333333333%;--awb-order-medium:0;--awb-spacing-right-medium:5.76%;--awb-spacing-left-medium:5.76%;--awb-width-small:100%;--awb-order-small:0;--awb-spacing-right-small:1.92%;--awb-spacing-left-small:1.92%;\"><div class=\"fusion-column-wrapper fusion-column-has-shadow fusion-flex-justify-content-center fusion-content-layout-column\"><div class=\"fusion-image-element \" style=\"--awb-caption-title-font-family:var(--h2_typography-font-family);--awb-caption-title-font-weight:var(--h2_typography-font-weight);--awb-caption-title-font-style:var(--h2_typography-font-style);--awb-caption-title-size:var(--h2_typography-font-size);--awb-caption-title-transform:var(--h2_typography-text-transform);--awb-caption-title-line-height:var(--h2_typography-line-height);--awb-caption-title-letter-spacing:var(--h2_typography-letter-spacing);\"><span class=\" fusion-imageframe imageframe-none imageframe-1 hover-type-none\"><img decoding=\"async\" width=\"300\" height=\"167\" title=\"ZDS_Logo_neg-01\" src=\"https:\/\/techniker.zds-solingen.de\/wp-content\/uploads\/2025\/11\/ZDS_Logo_neg-01-300x167.png\" alt class=\"img-responsive wp-image-1987\" srcset=\"https:\/\/techniker.zds-solingen.de\/wp-content\/uploads\/2025\/11\/ZDS_Logo_neg-01-200x111.png 200w, https:\/\/techniker.zds-solingen.de\/wp-content\/uploads\/2025\/11\/ZDS_Logo_neg-01-400x222.png 400w, https:\/\/techniker.zds-solingen.de\/wp-content\/uploads\/2025\/11\/ZDS_Logo_neg-01.png 538w\" sizes=\"(max-width: 640px) 100vw, 400px\" \/><\/span><\/div><\/div><\/div><div class=\"fusion-layout-column fusion_builder_column fusion-builder-column-1 fusion_builder_column_2_3 2_3 fusion-flex-column fusion-flex-align-self-center\" style=\"--awb-bg-size:cover;--awb-width-large:66.666666666667%;--awb-margin-top-large:0px;--awb-spacing-right-large:2.88%;--awb-margin-bottom-large:0px;--awb-spacing-left-large:2.88%;--awb-width-medium:66.666666666667%;--awb-order-medium:0;--awb-spacing-right-medium:2.88%;--awb-spacing-left-medium:2.88%;--awb-width-small:100%;--awb-order-small:0;--awb-spacing-right-small:1.92%;--awb-spacing-left-small:1.92%;\"><div class=\"fusion-column-wrapper fusion-column-has-shadow fusion-flex-justify-content-center fusion-content-layout-column\"><div class=\"fusion-title title fusion-title-1 fusion-sep-none fusion-title-text fusion-title-size-one\" style=\"--awb-text-color:var(--awb-color1);\"><h1 class=\"fusion-title-heading title-heading-left\" style=\"margin:0;\">Techniker Tag 2026<\/h1><\/div><div class=\"fusion-title title fusion-title-2 fusion-sep-none fusion-title-text fusion-title-size-two\" style=\"--awb-text-color:var(--awb-color1);--awb-font-size:28px;\"><h2 class=\"fusion-title-heading title-heading-left\" style=\"margin:0;font-size:1em;\">14. Januar, 2026 &#8211; ZDS Solingen<\/h2><\/div><\/div><\/div><\/div><\/div><div class=\"fusion-fullwidth fullwidth-box fusion-builder-row-2 fusion-flex-container has-pattern-background has-mask-background nonhundred-percent-fullwidth non-hundred-percent-height-scrolling\" style=\"--awb-border-radius-top-left:0px;--awb-border-radius-top-right:0px;--awb-border-radius-bottom-right:0px;--awb-border-radius-bottom-left:0px;--awb-margin-top:50px;--awb-margin-bottom:50px;--awb-background-color:var(--awb-color1);--awb-flex-wrap:wrap;--awb-box-shadow:10px 10px 10px 0px var(--awb-color3);\" ><div class=\"fusion-builder-row fusion-row fusion-flex-align-items-flex-start fusion-flex-content-wrap\" style=\"max-width:1248px;margin-left: calc(-4% \/ 2 );margin-right: calc(-4% \/ 2 );\"><div class=\"fusion-layout-column fusion_builder_column fusion-builder-column-2 fusion_builder_column_1_1 1_1 fusion-flex-column\" style=\"--awb-bg-size:cover;--awb-width-large:100%;--awb-margin-top-large:0px;--awb-spacing-right-large:1.92%;--awb-margin-bottom-large:20px;--awb-spacing-left-large:1.92%;--awb-width-medium:100%;--awb-order-medium:0;--awb-spacing-right-medium:1.92%;--awb-spacing-left-medium:1.92%;--awb-width-small:100%;--awb-order-small:0;--awb-spacing-right-small:1.92%;--awb-spacing-left-small:1.92%;\"><div class=\"fusion-column-wrapper fusion-column-has-shadow fusion-flex-justify-content-flex-start fusion-content-layout-column\"><div class=\"fusion-title title fusion-title-3 fusion-sep-none fusion-title-text fusion-title-size-three\"><h3 class=\"fusion-title-heading title-heading-left\" style=\"margin:0;\">Info-Tag &amp; Pr\u00e4sentation der Techniker-Projekte an der ZDS<\/h3><\/div><div class=\"fusion-title title fusion-title-4 fusion-sep-none fusion-title-text fusion-title-size-four\"><h4 class=\"fusion-title-heading title-heading-left\" style=\"margin:0;\">Techniker hautnah &#8211; <span style=\"font-size: 1em; letter-spacing: -0.54px; background-color: rgba(0, 0, 0, 0);\">Praxis, Projekte, Perspektiven<\/span><\/h4><\/div><\/div><\/div><div class=\"fusion-layout-column fusion_builder_column fusion-builder-column-3 fusion_builder_column_1_2 1_2 fusion-flex-column\" style=\"--awb-bg-size:cover;--awb-width-large:50%;--awb-margin-top-large:0px;--awb-spacing-right-large:3.84%;--awb-margin-bottom-large:20px;--awb-spacing-left-large:3.84%;--awb-width-medium:50%;--awb-order-medium:0;--awb-spacing-right-medium:3.84%;--awb-spacing-left-medium:3.84%;--awb-width-small:100%;--awb-order-small:0;--awb-spacing-right-small:1.92%;--awb-spacing-left-small:1.92%;\"><div class=\"fusion-column-wrapper fusion-column-has-shadow fusion-flex-justify-content-flex-start fusion-content-layout-column\"><div class=\"fusion-text fusion-text-1\" style=\"--awb-text-color:var(--awb-color6);\"><p>In diesem Jahr verbinden wir die Pr\u00e4sentationen der industriellen Projektarbeiten unserer Techniker-Oberstufe mit einem besonderen Highlight:<\/p>\n<p><b>Dem Tag der offenen T\u00fcr f\u00fcr alle, die sich f\u00fcr die Weiterbildung zum staatlich gepr\u00fcften Techniker interessieren.<\/b><\/p>\n<p>Nutzen Sie die Gelegenheit, hautnah zu erleben, wie vielf\u00e4ltig, praxisnah und zukunftsorientiert die Techniker-Weiterbildung an der ZDS ist. Unsere angehenden Techniker stellen ihre innovativen Projektarbeiten vor \u2013 und geben damit einen authentischen Einblick in die Inhalte, Anforderungen und Chancen des Bildungsgangs.<\/p>\n<p><b>Was Sie erwartet<\/b><\/p>\n<ul>\n<li>Einblick in anspruchsvolle und kreative Technik-Projekte<\/li>\n<li>Pers\u00f6nliche Gespr\u00e4che mit Studierenden und Lehrkr\u00e4ften<\/li>\n<li>Informationen rund um den Bildungsgang \u201eStaatlich gepr\u00fcfter Techniker\u201c<\/li>\n<li>Unterst\u00fctzung bei Fragen zu Voraussetzungen, Ablauf, Karrierechancen und F\u00f6rderm\u00f6glichkeiten<\/li>\n<li>Offene T\u00fcren, offene Fragen, offene Zukunftsperspektiven<\/li>\n<\/ul>\n<p><b>Warum teilnehmen?<\/b><\/p>\n<p>Die Techniker-Weiterbildung an der ZDS er\u00f6ffnet berufliche Aufstiegschancen, erm\u00f6glicht Spezialisierung in gefragten technischen Bereichen und schafft beste Voraussetzungen f\u00fcr verantwortungsvolle Positionen in der Industrie. Unser Info-Tag zeigt Ihnen, wie Ihr n\u00e4chster Karriereschritt aussehen kann.<\/p>\n<p><b>Ziel des Info-Tages<\/b><\/p>\n<p>Unser Ziel ist es, die Techniker-Weiterbildung an der ZDS noch bekannter zu machen \u2013 und Menschen wie Sie f\u00fcr den Bildungsgang zu gewinnen.<\/p>\n<p><b>Ob Sie sich beruflich weiterentwickeln, neue Fachkenntnisse erwerben oder Ihre Karriere neu ausrichten m\u00f6chten: Hier erhalten Sie alle Informationen aus erster Hand.<\/b><\/p>\n<\/div><\/div><\/div><div class=\"fusion-layout-column fusion_builder_column fusion-builder-column-4 fusion_builder_column_1_2 1_2 fusion-flex-column\" style=\"--awb-bg-position:center center;--awb-bg-size:cover;--awb-width-large:50%;--awb-margin-top-large:0px;--awb-spacing-right-large:3.84%;--awb-margin-bottom-large:20px;--awb-spacing-left-large:3.84%;--awb-width-medium:50%;--awb-order-medium:0;--awb-spacing-right-medium:3.84%;--awb-spacing-left-medium:3.84%;--awb-width-small:100%;--awb-order-small:0;--awb-spacing-right-small:1.92%;--awb-spacing-left-small:1.92%;\"><div class=\"fusion-column-wrapper fusion-column-has-shadow fusion-flex-justify-content-space-between fusion-content-layout-column\"><div class=\"fusion-separator fusion-full-width-sep\" style=\"align-self: center;margin-left: auto;margin-right: auto;margin-top:25px;margin-bottom:25px;width:100%;\"><div class=\"fusion-separator-border sep-single sep-solid\" style=\"--awb-height:20px;--awb-amount:20px;--awb-sep-color:var(--awb-color5);border-color:var(--awb-color5);border-top-width:2px;\"><\/div><\/div><ul style=\"--awb-iconcolor:var(--awb-color7);--awb-divider-color:var(--awb-color7);--awb-textcolor:var(--awb-color7);--awb-line-height:27.2px;--awb-icon-width:27.2px;--awb-icon-height:27.2px;--awb-icon-margin:11.2px;--awb-content-margin:38.4px;--awb-circlecolor:var(--awb-custom_color_1);--awb-circle-yes-font-size:14.08px;\" class=\"fusion-checklist fusion-checklist-1 fusion-checklist-default fusion-checklist-divider type-icons\"><li class=\"fusion-li-item\" style=\"\"><span class=\"icon-wrapper circle-yes\"><i class=\"fusion-li-icon awb-icon-check\" aria-hidden=\"true\"><\/i><\/span><div class=\"fusion-li-item-content\">\n<p><strong>Rundgang<\/strong><\/p>\n<\/div><\/li><li class=\"fusion-li-item\" style=\"\"><span class=\"icon-wrapper circle-yes\"><i class=\"fusion-li-icon awb-icon-check\" aria-hidden=\"true\"><\/i><\/span><div class=\"fusion-li-item-content\">\n<p><b>Poster Ausstellung<\/b><\/p>\n<\/div><\/li><li class=\"fusion-li-item\" style=\"\"><span class=\"icon-wrapper circle-yes\"><i class=\"fusion-li-icon awb-icon-check\" aria-hidden=\"true\"><\/i><\/span><div class=\"fusion-li-item-content\">\n<p><b>Pr\u00e4sentationen<\/b><\/p>\n<\/div><\/li><\/ul><div class=\"fusion-separator fusion-full-width-sep\" style=\"align-self: center;margin-left: auto;margin-right: auto;margin-top:25px;margin-bottom:25px;width:100%;\"><div class=\"fusion-separator-border sep-single sep-solid\" style=\"--awb-height:20px;--awb-amount:20px;--awb-sep-color:var(--awb-color5);border-color:var(--awb-color5);border-top-width:2px;\"><\/div><\/div><div class=\"fusion-image-element \" style=\"--awb-caption-title-font-family:var(--h2_typography-font-family);--awb-caption-title-font-weight:var(--h2_typography-font-weight);--awb-caption-title-font-style:var(--h2_typography-font-style);--awb-caption-title-size:var(--h2_typography-font-size);--awb-caption-title-transform:var(--h2_typography-text-transform);--awb-caption-title-line-height:var(--h2_typography-line-height);--awb-caption-title-letter-spacing:var(--h2_typography-letter-spacing);\"><span class=\" fusion-imageframe imageframe-none imageframe-2 hover-type-none\"><a href=\"https:\/\/techniker.zds-solingen.de\/wp-content\/uploads\/2025\/11\/Programm-Techniker-Tag-2026-800x1131.jpg\" class=\"fusion-lightbox\" data-rel=\"iLightbox[f8b640f374808f2bc6b]\" data-title=\"Programm Techniker-Tag 2026\" title=\"Programm Techniker-Tag 2026\"><img decoding=\"async\" width=\"724\" height=\"1024\" src=\"https:\/\/techniker.zds-solingen.de\/wp-content\/uploads\/2025\/11\/Programm-Techniker-Tag-2026-724x1024.jpg\" alt class=\"img-responsive wp-image-1982\" srcset=\"https:\/\/techniker.zds-solingen.de\/wp-content\/uploads\/2025\/11\/Programm-Techniker-Tag-2026-200x283.jpg 200w, https:\/\/techniker.zds-solingen.de\/wp-content\/uploads\/2025\/11\/Programm-Techniker-Tag-2026-400x566.jpg 400w, https:\/\/techniker.zds-solingen.de\/wp-content\/uploads\/2025\/11\/Programm-Techniker-Tag-2026-600x848.jpg 600w, https:\/\/techniker.zds-solingen.de\/wp-content\/uploads\/2025\/11\/Programm-Techniker-Tag-2026-800x1131.jpg 800w, https:\/\/techniker.zds-solingen.de\/wp-content\/uploads\/2025\/11\/Programm-Techniker-Tag-2026-1200x1697.jpg 1200w, https:\/\/techniker.zds-solingen.de\/wp-content\/uploads\/2025\/11\/Programm-Techniker-Tag-2026.jpg 1654w\" sizes=\"(max-width: 640px) 100vw, 600px\" \/><\/a><\/span><\/div><\/div><\/div><\/div><\/div><div class=\"fusion-fullwidth fullwidth-box fusion-builder-row-3 fusion-flex-container has-pattern-background has-mask-background nonhundred-percent-fullwidth non-hundred-percent-height-scrolling\" style=\"--awb-border-radius-top-left:0px;--awb-border-radius-top-right:0px;--awb-border-radius-bottom-right:0px;--awb-border-radius-bottom-left:0px;--awb-flex-wrap:wrap;\" ><div class=\"fusion-builder-row fusion-row fusion-flex-align-items-flex-start fusion-flex-content-wrap\" style=\"max-width:1248px;margin-left: calc(-4% \/ 2 );margin-right: calc(-4% \/ 2 );\"><div class=\"fusion-layout-column fusion_builder_column fusion-builder-column-5 fusion_builder_column_1_1 1_1 fusion-flex-column\" style=\"--awb-bg-size:cover;--awb-width-large:100%;--awb-margin-top-large:0px;--awb-spacing-right-large:1.92%;--awb-margin-bottom-large:20px;--awb-spacing-left-large:1.92%;--awb-width-medium:100%;--awb-order-medium:0;--awb-spacing-right-medium:1.92%;--awb-spacing-left-medium:1.92%;--awb-width-small:100%;--awb-order-small:0;--awb-spacing-right-small:1.92%;--awb-spacing-left-small:1.92%;\"><div class=\"fusion-column-wrapper fusion-column-has-shadow fusion-flex-justify-content-flex-start fusion-content-layout-column\"><div class=\"fusion-title title fusion-title-5 fusion-sep-none fusion-title-text fusion-title-size-three\"><h3 class=\"fusion-title-heading title-heading-left\" style=\"margin:0;\">Anmeldung<\/h3><\/div><div class=\"fusion-text fusion-text-2\"><style id=\"wpforms-css-vars-1970\">\n\t\t\t\t#wpforms-1970 {\n\t\t\t\t--wpforms-container-padding: 0px;\n--wpforms-container-border-width: 1px;\n--wpforms-container-border-radius: 3px;\n--wpforms-background-color: rgba(0, 0, 0, 0);\n--wpforms-field-size-input-height: 43px;\n--wpforms-field-size-input-spacing: 15px;\n--wpforms-field-size-font-size: 16px;\n--wpforms-field-size-line-height: 19px;\n--wpforms-field-size-padding-h: 14px;\n--wpforms-field-size-checkbox-size: 16px;\n--wpforms-field-size-sublabel-spacing: 5px;\n--wpforms-field-size-icon-size: 1;\n--wpforms-label-size-font-size: 16px;\n--wpforms-label-size-line-height: 19px;\n--wpforms-label-size-sublabel-font-size: 14px;\n--wpforms-label-size-sublabel-line-height: 17px;\n--wpforms-button-size-font-size: 17px;\n--wpforms-button-size-height: 41px;\n--wpforms-button-size-padding-h: 15px;\n--wpforms-button-size-margin-top: 10px;\n--wpforms-container-shadow-size-box-shadow: none;\n\t\t\t}\n\t\t\t<\/style><div class=\"wpforms-container wpforms-container-full wpforms-render-modern\" id=\"wpforms-1970\"><form id=\"wpforms-form-1970\" class=\"wpforms-validate wpforms-form wpforms-ajax-form\" data-formid=\"1970\" method=\"post\" enctype=\"multipart\/form-data\" action=\"\/index.php?rest_route=%2Fwp%2Fv2%2Fpages%2F1852\" data-token=\"daf9a7aa9a502c57349c2896a8f7f8f9\" data-token-time=\"1778582677\"><noscript class=\"wpforms-error-noscript\">Bitte aktiviere JavaScript in deinem Browser, um dieses Formular fertigzustellen.<\/noscript><div id=\"wpforms-error-noscript\" style=\"display: none;\">Bitte aktiviere JavaScript in deinem Browser, um dieses Formular fertigzustellen.<\/div><div class=\"wpforms-field-container\"><div id=\"wpforms-1970-field_0-container\" class=\"wpforms-field wpforms-field-name\" data-field-id=\"0\"><fieldset><legend class=\"wpforms-field-label\">Name <span class=\"wpforms-required-label\" aria-hidden=\"true\">*<\/span><\/legend><div class=\"wpforms-field-row wpforms-field-large\"><div class=\"wpforms-field-row-block wpforms-first wpforms-one-half\"><input type=\"text\" id=\"wpforms-1970-field_0\" class=\"wpforms-field-name-first wpforms-field-required\" name=\"wpforms[fields][0][first]\" aria-errormessage=\"wpforms-1970-field_0-error\" required><label for=\"wpforms-1970-field_0\" class=\"wpforms-field-sublabel after\">Vorname<\/label><\/div><div class=\"wpforms-field-row-block wpforms-one-half\"><input type=\"text\" id=\"wpforms-1970-field_0-last\" class=\"wpforms-field-name-last wpforms-field-required\" name=\"wpforms[fields][0][last]\" aria-errormessage=\"wpforms-1970-field_0-last-error\" required><label for=\"wpforms-1970-field_0-last\" class=\"wpforms-field-sublabel after\">Nachname<\/label><\/div><\/div><\/fieldset><\/div><div id=\"wpforms-1970-field_1-container\" class=\"wpforms-field wpforms-field-email\" data-field-id=\"1\"><label class=\"wpforms-field-label\" for=\"wpforms-1970-field_1\">E-Mail-Adresse <span class=\"wpforms-required-label\" aria-hidden=\"true\">*<\/span><\/label><input type=\"email\" id=\"wpforms-1970-field_1\" class=\"wpforms-field-large wpforms-field-required\" name=\"wpforms[fields][1]\" spellcheck=\"false\" aria-errormessage=\"wpforms-1970-field_1-error\" required><\/div><div id=\"wpforms-1970-field_4-container\" class=\"wpforms-field wpforms-field-text\" data-field-id=\"4\"><label class=\"wpforms-field-label\" for=\"wpforms-1970-field_4\">Betrieb <span class=\"wpforms-required-label\" aria-hidden=\"true\">*<\/span><\/label><input type=\"text\" id=\"wpforms-1970-field_4\" class=\"wpforms-field-large wpforms-field-required\" name=\"wpforms[fields][4]\" aria-errormessage=\"wpforms-1970-field_4-error\" required><\/div><div id=\"wpforms-1970-field_3-container\" class=\"wpforms-field wpforms-field-checkbox\" data-field-id=\"3\"><fieldset><legend class=\"wpforms-field-label\">Teilnahme<\/legend><ul id=\"wpforms-1970-field_3\"><li class=\"choice-1 depth-1\"><input type=\"checkbox\" id=\"wpforms-1970-field_3_1\" name=\"wpforms[fields][3][]\" value=\"ich nehme teil\" aria-errormessage=\"wpforms-1970-field_3_1-error\"  ><label class=\"wpforms-field-label-inline\" for=\"wpforms-1970-field_3_1\">ich nehme teil<\/label><\/li><li class=\"choice-2 depth-1\"><input type=\"checkbox\" id=\"wpforms-1970-field_3_2\" name=\"wpforms[fields][3][]\" value=\"ich nehme nicht teil\" aria-errormessage=\"wpforms-1970-field_3_2-error\"  ><label class=\"wpforms-field-label-inline\" for=\"wpforms-1970-field_3_2\">ich nehme nicht teil<\/label><\/li><li class=\"choice-3 depth-1\"><input type=\"checkbox\" id=\"wpforms-1970-field_3_3\" name=\"wpforms[fields][3][]\" value=\"ich w\u00fcnsche einen Gespr\u00e4chstermin mit\" aria-errormessage=\"wpforms-1970-field_3_3-error\"  ><label class=\"wpforms-field-label-inline\" for=\"wpforms-1970-field_3_3\">ich w\u00fcnsche einen Gespr\u00e4chstermin mit<\/label><\/li><\/ul><\/fieldset><\/div><div id=\"wpforms-1970-field_5-container\" class=\"wpforms-field wpforms-field-text\" data-field-id=\"5\"><label class=\"wpforms-field-label\" for=\"wpforms-1970-field_5\">Ich w\u00fcnsche einen Gespr\u00e4chstermin mit Herrn \/ Frau<\/label><input type=\"text\" id=\"wpforms-1970-field_5\" class=\"wpforms-field-large\" name=\"wpforms[fields][5]\" aria-errormessage=\"wpforms-1970-field_5-error\" ><\/div><div id=\"wpforms-1970-field_2-container\" class=\"wpforms-field wpforms-field-textarea\" data-field-id=\"2\"><label class=\"wpforms-field-label\" for=\"wpforms-1970-field_2\">Nachricht<\/label><textarea id=\"wpforms-1970-field_2\" class=\"wpforms-field-medium\" name=\"wpforms[fields][2]\" aria-errormessage=\"wpforms-1970-field_2-error\" ><\/textarea><\/div><\/div><!-- .wpforms-field-container --><div class=\"wpforms-submit-container\" ><input type=\"hidden\" name=\"wpforms[id]\" value=\"1970\"><input type=\"hidden\" name=\"page_title\" value=\"\"><input type=\"hidden\" name=\"page_url\" value=\"https:\/\/techniker.zds-solingen.de\/index.php?rest_route=\/wp\/v2\/pages\/1852\"><input type=\"hidden\" name=\"url_referer\" value=\"\"><button type=\"submit\" name=\"wpforms[submit]\" id=\"wpforms-submit-1970\" class=\"wpforms-submit\" data-alt-text=\"Wird gesendet\u00a0\u2026\" data-submit-text=\"Absenden\" aria-live=\"assertive\" value=\"wpforms-submit\">Absenden<\/button><img decoding=\"async\" src=\"https:\/\/techniker.zds-solingen.de\/wp-content\/plugins\/wpforms-lite\/assets\/images\/submit-spin.svg\" class=\"wpforms-submit-spinner\" style=\"display: none;\" width=\"26\" height=\"26\" alt=\"Wird geladen\"><\/div><\/form><\/div>  <!-- .wpforms-container -->\n<\/div><\/div><\/div><\/div><\/div><\/p>\n","protected":false},"excerpt":{"rendered":"","protected":false},"author":2,"featured_media":0,"parent":0,"menu_order":0,"comment_status":"closed","ping_status":"closed","template":"100-width.php","meta":{"footnotes":""},"class_list":["post-1852","page","type-page","status-publish","hentry"],"_links":{"self":[{"href":"https:\/\/techniker.zds-solingen.de\/index.php?rest_route=\/wp\/v2\/pages\/1852","targetHints":{"allow":["GET"]}}],"collection":[{"href":"https:\/\/techniker.zds-solingen.de\/index.php?rest_route=\/wp\/v2\/pages"}],"about":[{"href":"https:\/\/techniker.zds-solingen.de\/index.php?rest_route=\/wp\/v2\/types\/page"}],"author":[{"embeddable":true,"href":"https:\/\/techniker.zds-solingen.de\/index.php?rest_route=\/wp\/v2\/users\/2"}],"replies":[{"embeddable":true,"href":"https:\/\/techniker.zds-solingen.de\/index.php?rest_route=%2Fwp%2Fv2%2Fcomments&post=1852"}],"version-history":[{"count":20,"href":"https:\/\/techniker.zds-solingen.de\/index.php?rest_route=\/wp\/v2\/pages\/1852\/revisions"}],"predecessor-version":[{"id":1995,"href":"https:\/\/techniker.zds-solingen.de\/index.php?rest_route=\/wp\/v2\/pages\/1852\/revisions\/1995"}],"wp:attachment":[{"href":"https:\/\/techniker.zds-solingen.de\/index.php?rest_route=%2Fwp%2Fv2%2Fmedia&parent=1852"}],"curies":[{"name":"wp","href":"https:\/\/api.w.org\/{rel}","templated":true}]}}